{"id":3495,"date":"2020-02-07T02:16:59","date_gmt":"2020-02-07T02:16:59","guid":{"rendered":"https:\/\/demo.casethemes.net\/consultio-immigration\/?page_id=3495"},"modified":"2023-05-11T09:42:36","modified_gmt":"2023-05-11T13:42:36","slug":"about-v-4","status":"publish","type":"page","link":"https:\/\/compuken.net\/sanfranciscodeasis\/about-v-4\/","title":{"rendered":"Misi\u00f3n\/Visi\u00f3n\/Valores"},"content":{"rendered":"\t\t<div data-elementor-type=\"wp-page\" data-elementor-id=\"3495\" class=\"elementor elementor-3495\">\n\t\t\t\t\t\t\t        <section class=\"elementor-section elementor-top-section elementor-element elementor-element-de5dcd5 elementor-section-stretched elementor-section-boxed elementor-section-height-default elementor-section-height-default\" data-id=\"de5dcd5\" data-element_type=\"section\" data-settings=\"{&quot;stretch_section&quot;:&quot;section-stretched&quot;,&quot;background_background&quot;:&quot;classic&quot;}\" data-e-bg-lazyload=\"\">\n            \n                        <div class=\"elementor-container elementor-column-gap-extended \">\n                    <div class=\"elementor-column elementor-col-33 elementor-top-column elementor-element elementor-element-38d98e3\" data-id=\"38d98e3\" data-element_type=\"column\">\n            <div class=\"elementor-widget-wrap elementor-element-populated\">\n                        \t\t<div class=\"elementor-element elementor-element-fcdca76 elementor-widget elementor-widget-ct_fancy_box\" data-id=\"fcdca76\" data-element_type=\"widget\" data-widget_type=\"ct_fancy_box.default\">\n\t\t\t\t<div class=\"elementor-widget-container\">\n\t\t\t<div class=\"ct-fancy-box ct-fancy-box-layout6 wow fadeInUp\" data-wow-delay=\"ms\">\r\n                <div class=\"item--icon\">\r\n            <img loading=\"lazy\" decoding=\"async\" width=\"50\" height=\"46\" src=\"https:\/\/compuken.net\/sanfranciscodeasis\/wp-content\/uploads\/2020\/02\/about4-icon3.png\" class=\"attachment-full\" alt=\"\" \/>        <\/div>\r\n        <div class=\"item--holder\">\r\n        <h3 class=\"item--title\">\r\n            Misi\u00f3n        <\/h3>\r\n        <div class=\"item--description\">Ofrecer una educaci\u00f3n de calidad donde nuestros egresados tengan el compromiso de ser constructores de la Paz y el Bien: siendo fraternos, orantes, honestos, serviciales, alegres, que est\u00e9n acorde con las exigencias de la sociedad del sigo XXI.<\/div>\r\n    <\/div>\r\n            <a class=\"item--link\" href=\"https:\/\/compuken.net\/sanfranciscodeasis\/service\/business-consulting\/\"><\/a>\r\n    <\/div>\t\t<\/div>\n\t\t\t\t<\/div>\n\t\t            <\/div>\n        <\/div>\n                <div class=\"elementor-column elementor-col-33 elementor-top-column elementor-element elementor-element-2c21843\" data-id=\"2c21843\" data-element_type=\"column\">\n            <div class=\"elementor-widget-wrap elementor-element-populated\">\n                        \t\t<div class=\"elementor-element elementor-element-cc207a7 elementor-widget elementor-widget-ct_fancy_box\" data-id=\"cc207a7\" data-element_type=\"widget\" data-widget_type=\"ct_fancy_box.default\">\n\t\t\t\t<div class=\"elementor-widget-container\">\n\t\t\t<div class=\"ct-fancy-box ct-fancy-box-layout6 wow fadeInUp\" data-wow-delay=\"ms\">\r\n                <div class=\"item--icon\">\r\n            <img loading=\"lazy\" decoding=\"async\" width=\"44\" height=\"48\" src=\"https:\/\/compuken.net\/sanfranciscodeasis\/wp-content\/uploads\/2020\/02\/about4-icon2.png\" class=\"attachment-full\" alt=\"\" \/>        <\/div>\r\n        <div class=\"item--holder\">\r\n        <h3 class=\"item--title\">\r\n            Visi\u00f3n        <\/h3>\r\n        <div class=\"item--description\">Somos un centro educativo cat\u00f3lico que busca el desarrollo integral, el aprendizaje significativo, la asertividad y proactividad de nuestros educandos, para que puedan insertarse en los diferentes ambientes que le toque desenvolverse.<\/div>\r\n    <\/div>\r\n            <a class=\"item--link\" href=\"https:\/\/compuken.net\/sanfranciscodeasis\/service\/business-consulting\/\"><\/a>\r\n    <\/div>\t\t<\/div>\n\t\t\t\t<\/div>\n\t\t            <\/div>\n        <\/div>\n                <div class=\"elementor-column elementor-col-33 elementor-top-column elementor-element elementor-element-80ee074\" data-id=\"80ee074\" data-element_type=\"column\">\n            <div class=\"elementor-widget-wrap elementor-element-populated\">\n                        \t\t<div class=\"elementor-element elementor-element-a9d6069 elementor-widget elementor-widget-ct_fancy_box\" data-id=\"a9d6069\" data-element_type=\"widget\" data-widget_type=\"ct_fancy_box.default\">\n\t\t\t\t<div class=\"elementor-widget-container\">\n\t\t\t<div class=\"ct-fancy-box ct-fancy-box-layout6 wow fadeInUp\" data-wow-delay=\"ms\">\r\n                <div class=\"item--icon\">\r\n            <img loading=\"lazy\" decoding=\"async\" width=\"50\" height=\"46\" src=\"https:\/\/compuken.net\/sanfranciscodeasis\/wp-content\/uploads\/2020\/02\/about4-icon3.png\" class=\"attachment-full\" alt=\"\" \/>        <\/div>\r\n        <div class=\"item--holder\">\r\n        <h3 class=\"item--title\">\r\n            Valores        <\/h3>\r\n        <div class=\"item--description\">Los valores humanos son aquellos aspectos positivos que nos permiten convivir con otras personas de un modo justo con el fin de alcanzar un beneficio global como sociedad.\n\u2013 Fe \u2013 Respeto \n\u2013 Fraternidad\n -Solidaridad \n-Honestidad \n-Responsabilidad Compromiso -Discreci\u00f3n.<\/div>\r\n    <\/div>\r\n            <a class=\"item--link\" href=\"https:\/\/compuken.net\/sanfranciscodeasis\/service\/business-consulting\/\"><\/a>\r\n    <\/div>\t\t<\/div>\n\t\t\t\t<\/div>\n\t\t            <\/div>\n        <\/div>\n                            <\/div>\n        <\/section>\n        \t\t\t\t\t<\/div>\n\t\t","protected":false},"excerpt":{"rendered":"<p>Misi\u00f3n Ofrecer una educaci\u00f3n de calidad donde nuestros egresados tengan el compromiso de ser constructores de la Paz y el Bien: siendo fraternos, orantes, honestos, serviciales, alegres, que est\u00e9n acorde con las exigencias de la sociedad del sigo XXI. Visi\u00f3n Somos un centro educativo cat\u00f3lico que busca el desarrollo integral, el aprendizaje significativo, la asertividad [&hellip;]<\/p>\n","protected":false},"author":1,"featured_media":0,"parent":0,"menu_order":0,"comment_status":"closed","ping_status":"closed","template":"","meta":{"footnotes":""},"class_list":["post-3495","page","type-page","status-publish","hentry"],"_links":{"self":[{"href":"https:\/\/compuken.net\/sanfranciscodeasis\/wp-json\/wp\/v2\/pages\/3495","targetHints":{"allow":["GET"]}}],"collection":[{"href":"https:\/\/compuken.net\/sanfranciscodeasis\/wp-json\/wp\/v2\/pages"}],"about":[{"href":"https:\/\/compuken.net\/sanfranciscodeasis\/wp-json\/wp\/v2\/types\/page"}],"author":[{"embeddable":true,"href":"https:\/\/compuken.net\/sanfranciscodeasis\/wp-json\/wp\/v2\/users\/1"}],"replies":[{"embeddable":true,"href":"https:\/\/compuken.net\/sanfranciscodeasis\/wp-json\/wp\/v2\/comments?post=3495"}],"version-history":[{"count":14,"href":"https:\/\/compuken.net\/sanfranciscodeasis\/wp-json\/wp\/v2\/pages\/3495\/revisions"}],"predecessor-version":[{"id":6183,"href":"https:\/\/compuken.net\/sanfranciscodeasis\/wp-json\/wp\/v2\/pages\/3495\/revisions\/6183"}],"wp:attachment":[{"href":"https:\/\/compuken.net\/sanfranciscodeasis\/wp-json\/wp\/v2\/media?parent=3495"}],"curies":[{"name":"wp","href":"https:\/\/api.w.org\/{rel}","templated":true}]}}