{"id":5873,"date":"2023-05-10T16:17:23","date_gmt":"2023-05-10T20:17:23","guid":{"rendered":"http:\/\/compuken.net\/sanfranciscodeasis\/?page_id=5873"},"modified":"2023-05-11T09:40:42","modified_gmt":"2023-05-11T13:40:42","slug":"about-v-4-2","status":"publish","type":"page","link":"https:\/\/compuken.net\/sanfranciscodeasis\/about-v-4-2\/","title":{"rendered":"Requisitos para la Reinscripci\u00f3n"},"content":{"rendered":"\t\t<div data-elementor-type=\"wp-page\" data-elementor-id=\"5873\" class=\"elementor elementor-5873\">\n\t\t\t\t\t\t\t        <section class=\"elementor-section elementor-top-section elementor-element elementor-element-bca8448 elementor-section-stretched elementor-section-boxed elementor-section-height-default elementor-section-height-default\" data-id=\"bca8448\" data-element_type=\"section\" data-settings=\"{&quot;stretch_section&quot;:&quot;section-stretched&quot;}\">\n            \n                        <div class=\"elementor-container elementor-column-gap-extended \">\n                    <div class=\"elementor-column elementor-col-100 elementor-top-column elementor-element elementor-element-8630a61\" data-id=\"8630a61\" data-element_type=\"column\">\n            <div class=\"elementor-widget-wrap elementor-element-populated\">\n                        \t\t<div class=\"elementor-element elementor-element-5ab3233 elementor-widget elementor-widget-ct_heading\" data-id=\"5ab3233\" data-element_type=\"widget\" data-widget_type=\"ct_heading.default\">\n\t\t\t\t<div class=\"elementor-widget-container\">\n\t\t\t<div class=\"ct-heading h-align-center  sub-style1 ct-heading-left item-st-default\" data-wow-delay=\"ms\">\r\n\t    <h3 class=\"item--title st-default\">\r\n                <span>\r\n                        Colegio San Francisco de As\u00eds <i>Requisitos para la Inscripci\u00f3n<\/i>                    <\/span>\r\n            <\/h3>\r\n<\/div>\t\t<\/div>\n\t\t\t\t<\/div>\n\t\t\t\t<div class=\"elementor-element elementor-element-12e6001 elementor-widget elementor-widget-ct_particle_animate\" data-id=\"12e6001\" data-element_type=\"widget\" data-widget_type=\"ct_particle_animate.default\">\n\t\t\t\t<div class=\"elementor-widget-container\">\n\t\t\t\t<div class=\"ct-particle-animate\">\r\n\t\t\t\t    <div id=\"ct_particle_animate-12e60010\" class=\"animate-none\" >\r\n\t\t    \t<div class=\"ct-inline-css\"  data-css=\"\r\n\t\t            .ct-particle-animate #ct_particle_animate-12e60010 {\r\n\t\t                left: 13px;\r\n\t\t                top: 34px;\r\n\t\t            }\">\r\n\t\t        <\/div>\r\n\t\t    \t<img loading=\"lazy\" decoding=\"async\" width=\"165\" height=\"278\" src=\"https:\/\/compuken.net\/sanfranciscodeasis\/wp-content\/uploads\/2020\/02\/about4-shape1.png\" class=\"attachment-full\" alt=\"\" \/>\t\t\r\n\t\t    <\/div>\r\n\t\t\t<\/div>\r\n\t\t<\/div>\n\t\t\t\t<\/div>\n\t\t        <section class=\"elementor-section elementor-inner-section elementor-element elementor-element-b931bb1 elementor-section-content-middle elementor-section-boxed elementor-section-height-default elementor-section-height-default\" data-id=\"b931bb1\" data-element_type=\"section\">\n            \n                        <div class=\"elementor-container elementor-column-gap-extended \">\n                    <div class=\"elementor-column elementor-col-100 elementor-inner-column elementor-element elementor-element-9a78b44\" data-id=\"9a78b44\" data-element_type=\"column\">\n            <div class=\"elementor-widget-wrap elementor-element-populated\">\n                        \t\t<div class=\"elementor-element elementor-element-b70c597 elementor-widget elementor-widget-ct_text_editor\" data-id=\"b70c597\" data-element_type=\"widget\" data-widget_type=\"ct_text_editor.default\">\n\t\t\t\t<div class=\"elementor-widget-container\">\n\t\t\t<div id=\"ct_text_editor-b70c597\" class=\"ct-text-editor \" data-wow-delay=\"ms\">\n\t<div class=\"ct-inline-css\"  data-css=\"\n        \t\t\">\n\n    <\/div>\n\t<div class=\"ct-text-editor elementor-clearfix\">\n\t\t<p><strong>Los alumnos\/as de nuevo ingreso deben tomar ex\u00e1men de admisi\u00f3n, desde Pre-primario hasta 6to. de la Educaci\u00f3n Secundaria y para ello deben presentar el \u00faltimo bolet\u00edn de notas recibido<\/strong>.<\/p><p><strong>Despu\u00e9s examinarse se le dar\u00e1 una cita para la entrevista con la psic\u00f3loga de nivel, y de ser aprobado\/a, \u00e9ste debe presentar los siguientes documentos para formalizar la inscripci\u00f3n en el departamento de registro.<\/strong><\/p>\t\t\n\t<\/div>\n<\/div>\t\t<\/div>\n\t\t\t\t<\/div>\n\t\t            <\/div>\n        <\/div>\n                            <\/div>\n        <\/section>\n                    <\/div>\n        <\/div>\n                            <\/div>\n        <\/section>\n                <section class=\"elementor-section elementor-top-section elementor-element elementor-element-de5dcd5 elementor-section-stretched elementor-section-full_width elementor-section-height-default elementor-section-height-default\" data-id=\"de5dcd5\" data-element_type=\"section\" data-settings=\"{&quot;stretch_section&quot;:&quot;section-stretched&quot;,&quot;background_background&quot;:&quot;classic&quot;}\" data-e-bg-lazyload=\"\">\n            \n                        <div class=\"elementor-container elementor-column-gap-extended \">\n                    <div class=\"elementor-column elementor-col-33 elementor-top-column elementor-element elementor-element-38d98e3\" data-id=\"38d98e3\" data-element_type=\"column\">\n            <div class=\"elementor-widget-wrap elementor-element-populated\">\n                        \t\t<div class=\"elementor-element elementor-element-fcdca76 elementor-widget elementor-widget-ct_fancy_box\" data-id=\"fcdca76\" data-element_type=\"widget\" data-widget_type=\"ct_fancy_box.default\">\n\t\t\t\t<div class=\"elementor-widget-container\">\n\t\t\t<div class=\"ct-fancy-box ct-fancy-box-layout6 wow fadeInUp\" data-wow-delay=\"ms\">\r\n                <div class=\"item--icon\">\r\n            <img loading=\"lazy\" decoding=\"async\" width=\"44\" height=\"48\" src=\"https:\/\/compuken.net\/sanfranciscodeasis\/wp-content\/uploads\/2020\/02\/about4-icon2.png\" class=\"attachment-full\" alt=\"\" \/>        <\/div>\r\n        <div class=\"item--holder\">\r\n        <h3 class=\"item--title\">\r\n            Nivel Incial        <\/h3>\r\n        <div class=\"item--description\"> Acta de Nacimiento original (Certificada)\n\u2022 Copia del Seguro M\u00e9dico\n\u2022 Dos fotos 2 x 2\n\u2022 Carta de movimientos de pagos del colegio de anterior\n\u2022 Copia de la tarjeta de vacunas\n\u2022 Copia de la c\u00e9dula de los padres\n\u2022 Certificado M\u00e9dico.<\/div>\r\n    <\/div>\r\n            <a class=\"item--link\" href=\"https:\/\/compuken.net\/sanfranciscodeasis\/service\/business-consulting\/\"><\/a>\r\n    <\/div>\t\t<\/div>\n\t\t\t\t<\/div>\n\t\t            <\/div>\n        <\/div>\n                <div class=\"elementor-column elementor-col-33 elementor-top-column elementor-element elementor-element-2c21843\" data-id=\"2c21843\" data-element_type=\"column\">\n            <div class=\"elementor-widget-wrap elementor-element-populated\">\n                        \t\t<div class=\"elementor-element elementor-element-cc207a7 elementor-widget elementor-widget-ct_fancy_box\" data-id=\"cc207a7\" data-element_type=\"widget\" data-widget_type=\"ct_fancy_box.default\">\n\t\t\t\t<div class=\"elementor-widget-container\">\n\t\t\t<div class=\"ct-fancy-box ct-fancy-box-layout6 wow fadeInUp\" data-wow-delay=\"ms\">\r\n                <div class=\"item--icon\">\r\n            <img loading=\"lazy\" decoding=\"async\" width=\"44\" height=\"48\" src=\"https:\/\/compuken.net\/sanfranciscodeasis\/wp-content\/uploads\/2020\/02\/about4-icon2.png\" class=\"attachment-full\" alt=\"\" \/>        <\/div>\r\n        <div class=\"item--holder\">\r\n        <h3 class=\"item--title\">\r\n            Nivel Primario        <\/h3>\r\n        <div class=\"item--description\">Acta de Nacimiento original (Certificada)\n\u2022 Notas del curso actual\n\u2022 Carta de conducta del colegio anterior\n\u2022 Dos fotos 2 x 2\n\u2022 Carta de movimientos de pagos del colegio anterior\n\u2022 Copia de la tarjeta de vacunas (para 1ro y segundo de primaria)\n\u2022 Copia de la c\u00e9dula de los padres y del seguro m\u00e9dico\n\u2022 Certificado M\u00e9dico\n\u2022 Record de notas firmado por el Director del Distrito Escolar<\/div>\r\n    <\/div>\r\n            <a class=\"item--link\" href=\"https:\/\/compuken.net\/sanfranciscodeasis\/service\/business-consulting\/\"><\/a>\r\n    <\/div>\t\t<\/div>\n\t\t\t\t<\/div>\n\t\t            <\/div>\n        <\/div>\n                <div class=\"elementor-column elementor-col-33 elementor-top-column elementor-element elementor-element-80ee074\" data-id=\"80ee074\" data-element_type=\"column\">\n            <div class=\"elementor-widget-wrap elementor-element-populated\">\n                        \t\t<div class=\"elementor-element elementor-element-a9d6069 elementor-widget elementor-widget-ct_fancy_box\" data-id=\"a9d6069\" data-element_type=\"widget\" data-widget_type=\"ct_fancy_box.default\">\n\t\t\t\t<div class=\"elementor-widget-container\">\n\t\t\t<div class=\"ct-fancy-box ct-fancy-box-layout6 wow fadeInUp\" data-wow-delay=\"ms\">\r\n                <div class=\"item--icon\">\r\n            <img loading=\"lazy\" decoding=\"async\" width=\"44\" height=\"48\" src=\"https:\/\/compuken.net\/sanfranciscodeasis\/wp-content\/uploads\/2020\/02\/about4-icon2.png\" class=\"attachment-full\" alt=\"\" \/>        <\/div>\r\n        <div class=\"item--holder\">\r\n        <h3 class=\"item--title\">\r\n            Nivel Secundario        <\/h3>\r\n        <div class=\"item--description\">Acta de Nacimiento original (Certificada)\n\u2022 Notas del curso actual\n\u2022 Carta de conducta del colegio anterior\n\u2022 Dos fotos 2 x 2\n\u2022 Carta de movimientos de pagos del colegio de anterior\n\u2022 Copia de la c\u00e9dula de los padres y del seguro m\u00e9dico\n\u2022 Certificado M\u00e9dico.<\/div>\r\n    <\/div>\r\n            <a class=\"item--link\" href=\"https:\/\/compuken.net\/sanfranciscodeasis\/service\/business-consulting\/\"><\/a>\r\n    <\/div>\t\t<\/div>\n\t\t\t\t<\/div>\n\t\t            <\/div>\n        <\/div>\n                            <\/div>\n        <\/section>\n        \t\t\t\t\t<\/div>\n\t\t","protected":false},"excerpt":{"rendered":"<p>Colegio San Francisco de As\u00eds Requisitos para la Inscripci\u00f3n Los alumnos\/as de nuevo ingreso deben tomar ex\u00e1men de admisi\u00f3n, desde Pre-primario hasta 6to. de la Educaci\u00f3n Secundaria y para ello deben presentar el \u00faltimo bolet\u00edn de notas recibido. Despu\u00e9s examinarse se le dar\u00e1 una cita para la entrevista con la psic\u00f3loga de nivel, y de [&hellip;]<\/p>\n","protected":false},"author":1,"featured_media":0,"parent":0,"menu_order":0,"comment_status":"closed","ping_status":"closed","template":"","meta":{"footnotes":""},"class_list":["post-5873","page","type-page","status-publish","hentry"],"_links":{"self":[{"href":"https:\/\/compuken.net\/sanfranciscodeasis\/wp-json\/wp\/v2\/pages\/5873","targetHints":{"allow":["GET"]}}],"collection":[{"href":"https:\/\/compuken.net\/sanfranciscodeasis\/wp-json\/wp\/v2\/pages"}],"about":[{"href":"https:\/\/compuken.net\/sanfranciscodeasis\/wp-json\/wp\/v2\/types\/page"}],"author":[{"embeddable":true,"href":"https:\/\/compuken.net\/sanfranciscodeasis\/wp-json\/wp\/v2\/users\/1"}],"replies":[{"embeddable":true,"href":"https:\/\/compuken.net\/sanfranciscodeasis\/wp-json\/wp\/v2\/comments?post=5873"}],"version-history":[{"count":11,"href":"https:\/\/compuken.net\/sanfranciscodeasis\/wp-json\/wp\/v2\/pages\/5873\/revisions"}],"predecessor-version":[{"id":6187,"href":"https:\/\/compuken.net\/sanfranciscodeasis\/wp-json\/wp\/v2\/pages\/5873\/revisions\/6187"}],"wp:attachment":[{"href":"https:\/\/compuken.net\/sanfranciscodeasis\/wp-json\/wp\/v2\/media?parent=5873"}],"curies":[{"name":"wp","href":"https:\/\/api.w.org\/{rel}","templated":true}]}}