{"id":5924,"date":"2023-05-09T10:07:56","date_gmt":"2023-05-09T14:07:56","guid":{"rendered":"http:\/\/compuken.net\/sanfranciscodeasis\/?page_id=5924"},"modified":"2023-06-01T21:54:50","modified_gmt":"2023-06-02T01:54:50","slug":"historia-del-centro","status":"publish","type":"page","link":"https:\/\/compuken.net\/sanfranciscodeasis\/historia-del-centro\/","title":{"rendered":"Historia del Centro"},"content":{"rendered":"\t\t<div data-elementor-type=\"wp-page\" data-elementor-id=\"5924\" class=\"elementor elementor-5924\">\n\t\t\t\t\t\t\t        <section class=\"elementor-section elementor-top-section elementor-element elementor-element-2645f20 elementor-section-content-middle elementor-section-boxed elementor-section-height-default elementor-section-height-default\" data-id=\"2645f20\" data-element_type=\"section\">\n            \n                        <div class=\"elementor-container elementor-column-gap-extended \">\n                    <div class=\"elementor-column elementor-col-50 elementor-top-column elementor-element elementor-element-33d032e\" data-id=\"33d032e\" data-element_type=\"column\">\n            <div class=\"elementor-widget-wrap elementor-element-populated\">\n                        \t\t<div class=\"elementor-element elementor-element-0f31e21 elementor-widget elementor-widget-ct_heading\" data-id=\"0f31e21\" data-element_type=\"widget\" data-widget_type=\"ct_heading.default\">\n\t\t\t\t<div class=\"elementor-widget-container\">\n\t\t\t<div class=\"ct-heading h-align-  sub- ct-heading-left item-st-line-top1\" data-wow-delay=\"ms\">\r\n\t    <h3 class=\"item--title st-line-top1\">\r\n                    <div class=\"ct-heading-divider\"><span><\/span><\/div>\r\n                <span>\r\n                        Historia del Centro                    <\/span>\r\n            <\/h3>\r\n<\/div>\t\t<\/div>\n\t\t\t\t<\/div>\n\t\t            <\/div>\n        <\/div>\n                <div class=\"elementor-column elementor-col-50 elementor-top-column elementor-element elementor-element-89f4b61\" data-id=\"89f4b61\" data-element_type=\"column\">\n            <div class=\"elementor-widget-wrap elementor-element-populated\">\n                        \t\t<div class=\"elementor-element elementor-element-80ad649 elementor-widget elementor-widget-text-editor\" data-id=\"80ad649\" data-element_type=\"widget\" data-widget_type=\"text-editor.default\">\n\t\t\t\t<div class=\"elementor-widget-container\">\n\t\t\t<style>\/*! elementor - v3.12.2 - 23-04-2023 *\/\n.elementor-widget-text-editor.elementor-drop-cap-view-stacked .elementor-drop-cap{background-color:#69727d;color:#fff}.elementor-widget-text-editor.elementor-drop-cap-view-framed .elementor-drop-cap{color:#69727d;border:3px solid;background-color:transparent}.elementor-widget-text-editor:not(.elementor-drop-cap-view-default) .elementor-drop-cap{margin-top:8px}.elementor-widget-text-editor:not(.elementor-drop-cap-view-default) .elementor-drop-cap-letter{width:1em;height:1em}.elementor-widget-text-editor .elementor-drop-cap{float:left;text-align:center;line-height:1;font-size:50px}.elementor-widget-text-editor .elementor-drop-cap-letter{display:inline-block}<\/style>\t\t\t\t\t\t\t\t\t\t<\/div>\n\t\t\t\t<\/div>\n\t\t            <\/div>\n        <\/div>\n                            <\/div>\n        <\/section>\n                <section class=\"elementor-section elementor-top-section elementor-element elementor-element-e2d4a6c elementor-section-boxed elementor-section-height-default elementor-section-height-default\" data-id=\"e2d4a6c\" data-element_type=\"section\">\n            \n                        <div class=\"elementor-container elementor-column-gap-extended \">\n                    <div class=\"elementor-column elementor-col-100 elementor-top-column elementor-element elementor-element-de3f4f6\" data-id=\"de3f4f6\" data-element_type=\"column\">\n            <div class=\"elementor-widget-wrap elementor-element-populated\">\n                        \t\t<div class=\"elementor-element elementor-element-605e76d elementor-widget elementor-widget-ct_team_details\" data-id=\"605e76d\" data-element_type=\"widget\" data-widget_type=\"ct_team_details.default\">\n\t\t\t\t<div class=\"elementor-widget-container\">\n\t\t\t<div class=\"ct-team-details\">\r\n\t\t\t<div class=\"ct-team-image bg-image\" style=\"background-image: url(https:\/\/compuken.net\/sanfranciscodeasis\/wp-content\/uploads\/2023\/06\/modelo6.png);\"><\/div>\r\n\t\t<div class=\"ct-team-content bg-image\">\r\n\t\t<div class=\"ct-team-holder\">\r\n\t\t\t<div class=\"ct-team-icon\"><i class=\"fac fac-user-cog\"><\/i><\/div>\r\n\t\t\t<div class=\"ct-team-meta\">\r\n\t\t\t\t<h3 class=\"ct-team-title\">San Francisco<\/h3>\r\n\t\t\t\t<div class=\"ct-team-position\">Padre de la Ecolog\u00eda<\/div>\r\n\t\t\t<\/div>\r\n\t\t<\/div>\r\n\t\t<ul class=\"ct-team-contact\">\r\n\t\t\t\t\t\t\t<li><i class=\"fac fac-envelope\"><\/i>info@colegiosanfranciscodeasis.edu.do<\/li>\r\n\t\t\t\t\t\t\t\t\t\t<li><i class=\"fac fac-phone\"><\/i>(809) 596-7422 ext 221<\/li>\r\n\t\t\t\t\t\t\t\t\t\t<li class=\"contact-address\"><i class=\"fac fac-map-marker-alt\"><\/i>Av. Sabana Larga No. 13 Ens. Alma Rosa I<\/li>\r\n\t\t\t\t\t<\/ul>\r\n\t\t<div class=\"ct-team-social\">\r\n\t\t\t\t\t\t\t<div class=\"ct-team-button\">\r\n\t\t\t\t\t<a class=\"btn\" href=\"https:\/\/compuken.net\/sanfranciscodeasis\/contact\/\">Redes Sociales<\/a>\r\n\t\t\t\t<\/div>\r\n\t\t\t\t\t\t\t\t\t\t<div class=\"ct-team-social-list\">\r\n\t\t\t\t\t\t\t\t            \t\t\t                <a href=\"#\">\r\n\t\t\t                    <i aria-hidden=\"true\" class=\"material zmdi zmdi-facebook\"><\/i>\t\t\t                    \t\t\t                <\/a>\r\n\t\t\t            \t\t\t        \t\t\t            \t\t\t                <a href=\"#\">\r\n\t\t\t                    <i aria-hidden=\"true\" class=\"fab fa-twitter\"><\/i>\t\t\t                    \t\t\t                <\/a>\r\n\t\t\t            \t\t\t        \t\t\t\t<\/div>\r\n\t\t\t\t\t<\/div>\r\n\t<\/div>\r\n<\/div>\t\t<\/div>\n\t\t\t\t<\/div>\n\t\t            <\/div>\n        <\/div>\n                            <\/div>\n        <\/section>\n                <section class=\"elementor-section elementor-top-section elementor-element elementor-element-2b0ab90 elementor-section-boxed elementor-section-height-default elementor-section-height-default\" data-id=\"2b0ab90\" data-element_type=\"section\">\n            \n                        <div class=\"elementor-container elementor-column-gap-default \">\n                    <div class=\"elementor-column elementor-col-100 elementor-top-column elementor-element elementor-element-11c2a9c\" data-id=\"11c2a9c\" data-element_type=\"column\">\n            <div class=\"elementor-widget-wrap elementor-element-populated\">\n                        \t\t<div class=\"elementor-element elementor-element-5f5bc25 elementor-widget elementor-widget-text-editor\" data-id=\"5f5bc25\" data-element_type=\"widget\" data-widget_type=\"text-editor.default\">\n\t\t\t\t<div class=\"elementor-widget-container\">\n\t\t\t\t\t\t\t\t\t\t\t\t\t<\/div>\n\t\t\t\t<\/div>\n\t\t\t\t<div class=\"elementor-element elementor-element-3b73102 elementor-widget elementor-widget-text-editor\" data-id=\"3b73102\" data-element_type=\"widget\" data-widget_type=\"text-editor.default\">\n\t\t\t\t<div class=\"elementor-widget-container\">\n\t\t\t\t\t\t\t<p><strong>El Colegio San Francisco de As\u00eds se construy\u00f3 a petici\u00f3n de Do\u00f1a Atala Mar\u00eda Cabral quien era muy conocida en el sector que en esa \u00e9poca se llam\u00f3 Ensanche Benefactor, hoy conocido como Ensanche Ozama.<\/strong><\/p><p><strong>Do\u00f1a Atala era una persona muy querida en el sector y muy amiga de los frailes franciscanos, especialmente del padre custodio Atanasio de origen espa\u00f1ol qui\u00e9n se desempe\u00f1o como gu\u00eda espiritual del colegio. Al t\u00e9rmino de las funciones del padre Atanasio, fue elegido Fray Pedro de M\u00e1laga como director espiritual y administrativo con Do\u00f1a Atala como directora docente.<\/strong><\/p><p><strong>En sus inicios el colegio inicia sus labores de ense\u00f1anza en la parroquia paz y Bien con los grados desde K\u00ednder hasta 8vo y las clases eran impartidas ma\u00f1ana y tarde con los mismos alumnos(as). Despu\u00e9s de Fray Pedro le sucedi\u00f3 como custodio (ahora nombrado Viceprovincial) Fray Balbino Mar\u00eda de Hornachuelos, qui\u00e9n al ver construida la 1era planta del colegio ordena su traslado de la Iglesia a las nuevas instalaciones con los muchachos (as) que pasaron de 8vo grado al 1er curso de la educaci\u00f3n Media, siguiendo Do\u00f1a Atala como directora acompa\u00f1ada en este per\u00edodo de Fray Esteban como director espiritual y el Se\u00f1or Juan Morillo como administrador.<\/strong><\/p><p><strong>Para 1962 ya el Colegio funciona totalmente en la 1era planta y Do\u00f1a Atala renuncia a su cargo como directora y se queda como maestra de 5to Grado, dando muestra de sencillez humildad y de un esp\u00edritu franciscano acorde al carisma de San Francisco de As\u00eds.<\/strong><\/p><p><strong>Despu\u00e9s de Do\u00f1a Atala le sucede como director Fray Lorenzo, acompa\u00f1ado de Juan Morillo, en este tiempo el bachillerato era completo, mixto, ten\u00eda su propio autob\u00fas para el transporte y segu\u00eda creciendo en la formaci\u00f3n de valores de los alumnos(as) que cada d\u00eda optaban por instruirse en la instituci\u00f3n.<\/strong><\/p><p><strong>Despu\u00e9s de Fray Lorenzo le sigue Luis Mena, luego contin\u00faa Fray Gerardo como director espiritual y Pedro Ulloa como administrador, Fray Gerardo ten\u00eda un gran coraz\u00f3n y desempe\u00f1o tambi\u00e9n como educador en la fe. Se hizo acompa\u00f1ar de Fray Rolando y Fray Pedro Ulloa adjunto de los siguientes directores en diferentes per\u00edodos:<\/strong><\/p><ul><li><strong>Maritza Campillo<\/strong><\/li><li><strong>Guillermina Cuello Maduro<\/strong><\/li><li><strong>Clara Abreu<\/strong><\/li><\/ul><p><strong>En toda esta parte cabe destacar que la Hermana Milagros De la Cruz realiz\u00f3 una labor encomiable desde el inicio del colegio tanto en el \u00c1rea Administrativa as\u00ed como maestra d educaci\u00f3n en la fe, se puede afirmar que estos 50 a\u00f1os ser\u00edan imposibles rese\u00f1arlos sin resaltar la labor de esta Hermana Ser\u00e1fica que hasta el d\u00eda de hoy contin\u00faa con nosotros, d\u00e1ndonos siempre sus sabios consejos. Fueron muchos los alumnos (as) que pasaron por sus manos y hoy est\u00e1n diseminados en todo el territorio nacional y en el extranjero, dando muestra de la formaci\u00f3n tanto educativa como en valores que recibieron de nuestra instituci\u00f3n.<\/strong><\/p><p><strong>En el trienio 1989-1992 pasa la Administraci\u00f3n a manos de Fray Demetrio De la Cruz Jim\u00e9nez y como directora estaba la Lic. Clara Abreu qui\u00e9n sale a finales del 1992, pasando a ser directora Miguelina Arias qui\u00e9n ejerci\u00f3 dicha funci\u00f3n durante un a\u00f1o sucedi\u00e9ndola Rufino De Le\u00f3n.<\/strong><\/p><p><strong>En este trienio cabe destacar que Fray Demetrio De la Cruz realiz\u00f3 importantes cambios en el \u00e1rea administrativa como educativa, tales como la elaboraci\u00f3n del proyecto educativo consensuado con el Consejo Acad\u00e9mico de los colegios de la Vice-Provincia, dicho proyecto ten\u00eda como finalidad fortalecer el sistema educativo. Tambi\u00e9n cre\u00f3 la Cooperativa de Maestros.<\/strong><\/p><p><strong>Al finalizar este trienio entra como Vice-Provincial y director espiritual Fray David V\u00e1squez y el administrador Vicente Mena qui\u00e9n dur\u00f3 poco tiempo, estaba como directora la Lic. Fanni Suero de Abreu qui\u00e9n dirigi\u00f3 el \u00e1rea docente por espacio de 9 a\u00f1os y en su gesti\u00f3n realiz\u00f3 cambios significativos.<\/strong><\/p><p><strong>Es bueno destacar que Fray David realiz\u00f3 importantes cambios en la estructura del colegio, por lo que se puede afirmar que esta fue una gesti\u00f3n muy productiva para la instituci\u00f3n.<\/strong><\/p><p><strong>Despu\u00e9s de la Gesti\u00f3n de Fray David inicia la de Fray Santiago Bautista Guerrero quien contin\u00fao hasta su segundo a\u00f1o con la Lic. Fanni Suero de Abreu como directora. Fray Santiago realiz\u00f3 importantes cambios en su gesti\u00f3n: como la implementaci\u00f3n del ingl\u00e9s como segundo idioma en un horario de cuatro horas semanales, el arreglo del \u00e1rea de juegos del Nivel Inicial entre muchas cosas m\u00e1s que contribuyeron para que el colegio siga afianz\u00e1ndose en el espacio educativo como una instituci\u00f3n donde se siembran los valores que tanta falta hacen en este tiempo que estamos viviendo.<\/strong><\/p><p><strong>En el mismo per\u00edodo de Fray Santiago sale Lic.Fanni Suero y le sucede en el cargo el Lic. Vicente Vidal Vidal quien es Di\u00e1cono Permanente y antes se desempe\u00f1\u00f3 como maestro excelente del \u00e1rea de matem\u00e1ticas.<\/strong><\/p><p><strong>Luego de Fray Santiago, se realiza en la Orden de Frailes Menores su cap\u00edtulo para elegir al Nuevo Vice-Provincial para el trienio 2010-2013, saliendo electo Fray Jorge Jim\u00e9nez Portes qui\u00e9n designa en el colegio nuevamente a Fray Demetrio De la Cruz como director espiritual y sub-administrador. Es bueno se\u00f1alar que Fray Demetrio es un capuchino de humildad probada, de responsabilidad y entrega indiscutible.<\/strong><\/p><p><strong>A Fray David V\u00e1squez, como administrador y Fray Demetrio De la Cruz como sub-administrador, junto a la Lic. Maritza Bell De P\u00e9rez como directora docente, el personal docente, administrativo y de apoyo le corresponde hoy seguir trabajando al frente de esta instituci\u00f3n que tiene 55 a\u00f1os al servicio de la sociedad, formando ni\u00f1os(as), adolescentes y j\u00f3venes en todos los niveles, desde el nivel inicial hasta la educaci\u00f3n secundaria, ofreciendo una educaci\u00f3n de calidad, trabajando de una manera muy especial los valores cristianos, sociales y c\u00edvicos con la visi\u00f3n de que los j\u00f3venes egresados de nuestra instituci\u00f3n sigan como lo han hecho en estos m\u00e1s de 55 a\u00f1os dando fruto y muestra de la educaci\u00f3n que ofrece nuestra instituci\u00f3n.<\/strong><\/p><p><strong>\u00a1Paz y Bien!<\/strong><\/p>\t\t\t\t\t\t<\/div>\n\t\t\t\t<\/div>\n\t\t            <\/div>\n        <\/div>\n                            <\/div>\n        <\/section>\n        \t\t\t\t\t<\/div>\n\t\t","protected":false},"excerpt":{"rendered":"<p>Historia del Centro San Francisco Padre de la Ecolog\u00eda info@colegiosanfranciscodeasis.edu.do (809) 596-7422 ext 221 Av. Sabana Larga No. 13 Ens. Alma Rosa I Redes Sociales El Colegio San Francisco de As\u00eds se construy\u00f3 a petici\u00f3n de Do\u00f1a Atala Mar\u00eda Cabral quien era muy conocida en el sector que en esa \u00e9poca se llam\u00f3 Ensanche Benefactor, [&hellip;]<\/p>\n","protected":false},"author":1,"featured_media":0,"parent":0,"menu_order":0,"comment_status":"closed","ping_status":"closed","template":"","meta":{"footnotes":""},"class_list":["post-5924","page","type-page","status-publish","hentry"],"_links":{"self":[{"href":"https:\/\/compuken.net\/sanfranciscodeasis\/wp-json\/wp\/v2\/pages\/5924","targetHints":{"allow":["GET"]}}],"collection":[{"href":"https:\/\/compuken.net\/sanfranciscodeasis\/wp-json\/wp\/v2\/pages"}],"about":[{"href":"https:\/\/compuken.net\/sanfranciscodeasis\/wp-json\/wp\/v2\/types\/page"}],"author":[{"embeddable":true,"href":"https:\/\/compuken.net\/sanfranciscodeasis\/wp-json\/wp\/v2\/users\/1"}],"replies":[{"embeddable":true,"href":"https:\/\/compuken.net\/sanfranciscodeasis\/wp-json\/wp\/v2\/comments?post=5924"}],"version-history":[{"count":17,"href":"https:\/\/compuken.net\/sanfranciscodeasis\/wp-json\/wp\/v2\/pages\/5924\/revisions"}],"predecessor-version":[{"id":6267,"href":"https:\/\/compuken.net\/sanfranciscodeasis\/wp-json\/wp\/v2\/pages\/5924\/revisions\/6267"}],"wp:attachment":[{"href":"https:\/\/compuken.net\/sanfranciscodeasis\/wp-json\/wp\/v2\/media?parent=5924"}],"curies":[{"name":"wp","href":"https:\/\/api.w.org\/{rel}","templated":true}]}}