{"id":5925,"date":"2023-05-10T11:13:01","date_gmt":"2023-05-10T15:13:01","guid":{"rendered":"http:\/\/compuken.net\/sanfranciscodeasis\/?page_id=5925"},"modified":"2023-05-11T09:46:03","modified_gmt":"2023-05-11T13:46:03","slug":"team-details-2","status":"publish","type":"page","link":"https:\/\/compuken.net\/sanfranciscodeasis\/team-details-2\/","title":{"rendered":"San Francisco de As\u00eds"},"content":{"rendered":"\t\t<div data-elementor-type=\"wp-page\" data-elementor-id=\"5925\" class=\"elementor elementor-5925\">\n\t\t\t\t\t\t\t        <section class=\"elementor-section elementor-top-section elementor-element elementor-element-2645f20 elementor-section-content-middle elementor-section-boxed elementor-section-height-default elementor-section-height-default\" data-id=\"2645f20\" data-element_type=\"section\">\n            \n                        <div class=\"elementor-container elementor-column-gap-extended \">\n                    <div class=\"elementor-column elementor-col-50 elementor-top-column elementor-element elementor-element-33d032e\" data-id=\"33d032e\" data-element_type=\"column\">\n            <div class=\"elementor-widget-wrap elementor-element-populated\">\n                        \t\t<div class=\"elementor-element elementor-element-0f31e21 elementor-widget elementor-widget-ct_heading\" data-id=\"0f31e21\" data-element_type=\"widget\" data-widget_type=\"ct_heading.default\">\n\t\t\t\t<div class=\"elementor-widget-container\">\n\t\t\t<div class=\"ct-heading h-align-  sub- ct-heading-left item-st-line-top1\" data-wow-delay=\"ms\">\r\n\t    <h3 class=\"item--title st-line-top1\">\r\n                    <div class=\"ct-heading-divider\"><span><\/span><\/div>\r\n                <span>\r\n                        San Francisco de As\u00eds\n                    <\/span>\r\n            <\/h3>\r\n<\/div>\t\t<\/div>\n\t\t\t\t<\/div>\n\t\t            <\/div>\n        <\/div>\n                <div class=\"elementor-column elementor-col-50 elementor-top-column elementor-element elementor-element-89f4b61\" data-id=\"89f4b61\" data-element_type=\"column\">\n            <div class=\"elementor-widget-wrap elementor-element-populated\">\n                        \t\t<div class=\"elementor-element elementor-element-80ad649 elementor-widget elementor-widget-text-editor\" data-id=\"80ad649\" data-element_type=\"widget\" data-widget_type=\"text-editor.default\">\n\t\t\t\t<div class=\"elementor-widget-container\">\n\t\t\t<style>\/*! elementor - v3.12.2 - 23-04-2023 *\/\n.elementor-widget-text-editor.elementor-drop-cap-view-stacked .elementor-drop-cap{background-color:#69727d;color:#fff}.elementor-widget-text-editor.elementor-drop-cap-view-framed .elementor-drop-cap{color:#69727d;border:3px solid;background-color:transparent}.elementor-widget-text-editor:not(.elementor-drop-cap-view-default) .elementor-drop-cap{margin-top:8px}.elementor-widget-text-editor:not(.elementor-drop-cap-view-default) .elementor-drop-cap-letter{width:1em;height:1em}.elementor-widget-text-editor .elementor-drop-cap{float:left;text-align:center;line-height:1;font-size:50px}.elementor-widget-text-editor .elementor-drop-cap-letter{display:inline-block}<\/style>\t\t\t\t<p>Quien obedece a Dios no debe obedecer a otro hombre, sino a aquel por cuyo amor le ha entregado su obediencia..<\/p>\t\t\t\t\t\t<\/div>\n\t\t\t\t<\/div>\n\t\t            <\/div>\n        <\/div>\n                            <\/div>\n        <\/section>\n                <section class=\"elementor-section elementor-top-section elementor-element elementor-element-2b0ab90 elementor-section-boxed elementor-section-height-default elementor-section-height-default\" data-id=\"2b0ab90\" data-element_type=\"section\">\n            \n                        <div class=\"elementor-container elementor-column-gap-default \">\n                    <div class=\"elementor-column elementor-col-100 elementor-top-column elementor-element elementor-element-11c2a9c\" data-id=\"11c2a9c\" data-element_type=\"column\">\n            <div class=\"elementor-widget-wrap elementor-element-populated\">\n                        \t\t<div class=\"elementor-element elementor-element-5f5bc25 elementor-widget elementor-widget-text-editor\" data-id=\"5f5bc25\" data-element_type=\"widget\" data-widget_type=\"text-editor.default\">\n\t\t\t\t<div class=\"elementor-widget-container\">\n\t\t\t\t\t\t\t<p><img loading=\"lazy\" decoding=\"async\" class=\"size-full wp-image-5797 alignleft\" src=\"https:\/\/compuken.net\/sanfranciscodeasis\/wp-content\/uploads\/2023\/05\/actividades-570x390-300x205-1.jpg\" alt=\"\" width=\"300\" height=\"205\" \/><\/p><p><strong>San Francisco de As\u00eds<\/strong><br \/><strong>(Giovanni di Pietro Bernardone; As\u00eds, actual Italia, 1182 \u2013 id., 1226) Religioso y m\u00edstico italiano, fundador de la orden franciscana. Casi sin propon\u00e9rselo lider\u00f3 San Francisco un movimiento de renovaci\u00f3n cristiana que, centrado en el amor a Dios, la pobreza y la alegre fraternidad, tuvo un inmenso eco entre las clases populares e hizo de \u00e9l una venerad\u00edsima personalidad en la Edad Media. La sencillez y humildad del pobrecito de As\u00eds, sin embargo, acab\u00f3 trascendiendo su \u00e9poca para erigirse en un modelo atemporal, y su figura es valorada, m\u00e1s all\u00e1 incluso de las propias creencias, como una de las m\u00e1s altas manifestaciones de la espiritualidad cristiana.<\/strong><\/p><p><strong>San Francisco de As\u00eds<\/strong><\/p><p><strong>Hijo de un rico mercader llamado Pietro di Bernardone, Francisco de As\u00eds era un joven mundano de cierto renombre en su ciudad. Hab\u00eda ayudado desde jovencito a su padre en el comercio de pa\u00f1os y puso de manifiesto sus dotes sustanciales de inteligencia y su afici\u00f3n a la elegancia y a la caballer\u00eda. En 1202 fue encarcelado a causa de su participaci\u00f3n en un altercado entre las ciudades de As\u00eds y Perugia. Tras este lance, en la soledad del cautiverio y luego durante la convalecencia de la enfermedad que sufri\u00f3 una vez vuelto a su tierra, sinti\u00f3 hondamente la insatisfacci\u00f3n respecto al tipo de vida que llevaba y se inici\u00f3 su maduraci\u00f3n espiritual.<\/strong><\/p><p><strong>Poco despu\u00e9s, en la primavera de 1206, tuvo San Francisco su primera visi\u00f3n. En el peque\u00f1o templo de San Dami\u00e1n, medio abandonado y destruido, oy\u00f3 ante una imagen rom\u00e1nica de Jesucristo una voz que le hablaba en el silencio de su muda y amorosa contemplaci\u00f3n: \u00abVe, Francisco, repara mi iglesia. Ya lo ves: est\u00e1 hecha una ruina\u00bb. El joven Francisco no vacil\u00f3: corri\u00f3 a su casa paterna, tom\u00f3 unos cuantos rollos de pa\u00f1o del almac\u00e9n y fue a venderlos a Feligno; luego entreg\u00f3 el dinero as\u00ed obtenido al sacerdote de San Dami\u00e1n para la restauraci\u00f3n del templo.<\/strong><\/p><p><strong>Esta acci\u00f3n desat\u00f3 la ira de su padre; si antes hab\u00eda censurado en su hijo cierta tendencia al lujo y a la pompa, Pietro di Bernardone vio ahora en aquel donativo una ciega prodigalidad en perjuicio del patrimonio que tantos sudores le costaba. Por ello llev\u00f3 a su hijo ante el obispo de As\u00eds a fin de que renunciara formalmente a cualquier herencia. La respuesta de Francisco fue despojarse de sus propias vestiduras y restituirlas a su progenitor, renunciando con ello, por amor a Dios, a cualquier bien terrenal.<\/strong><\/p><p><strong>A los veinticinco a\u00f1os, sin m\u00e1s bienes que su pobreza, abandon\u00f3 su ciudad natal y se dirigi\u00f3 a Gubbio, donde trabaj\u00f3 abnegadamente en un hospital de leprosos; luego regres\u00f3 a As\u00eds y se dedic\u00f3 a restaurar con sus propios brazos, pidiendo materiales y ayuda a los transe\u00fantes, las iglesias de San Dami\u00e1n, San Pietro In Merullo y Santa Mar\u00eda de los \u00c1ngeles en la Porci\u00fancula. Pese a esta actividad, aquellos a\u00f1os fueron de soledad y oraci\u00f3n; s\u00f3lo aparec\u00eda ante el mundo para mendigar con los pobres y compartir su mesa.<\/strong><\/p><p><strong>La llamada a la predicaci\u00f3n<\/strong><\/p><p><strong>El 24 de febrero de 1209, en la peque\u00f1a iglesia de la Porci\u00fancula y mientras escuchaba la lectura del Evangelio, Francisco escuch\u00f3 una llamada que le indicaba que saliera al mundo a hacer el bien: el eremita se convirti\u00f3 en ap\u00f3stol y, descalzo y sin m\u00e1s atav\u00edo que una t\u00fanica ce\u00f1ida con una cuerda, pronto atrajo a su alrededor a toda una corona de almas activas y devotas. Las primeras (abril de 1209) fueron Bernardo de Quintavalle y Pedro Cattani, a los que se sum\u00f3, tocado su coraz\u00f3n por la gracia, el sacerdote Silvestre; poco despu\u00e9s lleg\u00f3 Egidio.<\/strong><\/p><p><strong>San Francisco de As\u00eds predicaba la pobreza como un valor y propon\u00eda un modo de vida sencillo basado en los ideales de los Evangelios. Hay que recordar que, en aquella \u00e9poca, otros grupos que propugnaban una vuelta al cristianismo primitivo hab\u00edan sido declarados her\u00e9ticos, raz\u00f3n por la que Francisco quiso contar con la autorizaci\u00f3n pontificia. Hacia 1210, tras recibir a Francisco y a un grupo de once compa\u00f1eros suyos, el papa Inocencio III aprob\u00f3 oralmente su modelo de vida religiosa, le concedi\u00f3 permiso para predicar y lo orden\u00f3 di\u00e1cono.<\/strong><\/p><p><img loading=\"lazy\" decoding=\"async\" class=\"size-medium wp-image-6016 alignleft\" src=\"https:\/\/compuken.net\/sanfranciscodeasis\/wp-content\/uploads\/2023\/05\/foto-de-san-francisco-fotos-300x293.jpg\" alt=\"\" width=\"300\" height=\"293\" srcset=\"https:\/\/compuken.net\/sanfranciscodeasis\/wp-content\/uploads\/2023\/05\/foto-de-san-francisco-fotos-300x293.jpg 300w, https:\/\/compuken.net\/sanfranciscodeasis\/wp-content\/uploads\/2023\/05\/foto-de-san-francisco-fotos.jpg 340w\" sizes=\"auto, (max-width: 300px) 100vw, 300px\" \/><\/p><p><strong>San Francisco de As\u00eds (\u00f3leo de Zurbar\u00e1n)<\/strong><\/p><p><strong>Con el tiempo, el n\u00famero de sus adeptos fue aumentando y Francisco comenz\u00f3 a formar una orden religiosa, llamada actualmente franciscana o de los franciscanos, en la que pronto se integrar\u00eda San Antonio de Padua. Adem\u00e1s, con la colaboraci\u00f3n de Santa Clara, fund\u00f3 la rama femenina de la orden, las Damas Pobres, m\u00e1s conocidas como las clarisas. A\u00f1os despu\u00e9s, en 1221, se crear\u00eda la orden tercera con el fin de acoger a quienes no pod\u00edan abandonar sus obligaciones familiares. Hacia 1215, la congregaci\u00f3n franciscana se hab\u00eda ya extendido por Italia, Francia y Espa\u00f1a; ese mismo a\u00f1o el Concilio de Letr\u00e1n reconoci\u00f3 can\u00f3nicamente la orden, llamada entonces de los Hermanos Menores.<\/strong><\/p><p><strong>Por esos a\u00f1os trat\u00f3 San Francisco de llevar la evangelizaci\u00f3n m\u00e1s all\u00e1 de las tierras cristianas, pero diversas circunstancias frustraron sus viajes a Siria y Marruecos; finalmente, entre 1219 y 1220, posiblemente tras un encuentro con Santo Domingo de Guzm\u00e1n, predic\u00f3 en Siria y Egipto; aunque no logr\u00f3 su conversi\u00f3n, el sult\u00e1n Al-Kamil qued\u00f3 tan impresionado que le permiti\u00f3 visitar los Santos Lugares.<\/strong><\/p><p><strong>A su regreso, a petici\u00f3n del papa Honorio III, compil\u00f3 por escrito la regla franciscana, de la que redact\u00f3 dos versiones (una en 1221 y otra m\u00e1s esquem\u00e1tica en 1223, aprobada ese mismo a\u00f1o por el papa) y entreg\u00f3 la direcci\u00f3n de la comunidad a Pedro Cattani. La direcci\u00f3n de la orden franciscana no tard\u00f3 en pasar a los miembros m\u00e1s pr\u00e1cticos, como el cardenal Ugolino (el futuro papa Gregorio IX) y el hermano El\u00edas, y San Francisco pudo dedicarse por entero a la vida contemplativa.<\/strong><\/p><p><strong>Durante este retiro, San Francisco de As\u00eds recibi\u00f3 los estigmas (las heridas de Cristo en su propio cuerpo); seg\u00fan testimonio del mismo santo, ello ocurri\u00f3 en septiembre de 1224, tras un largo periodo de ayuno y oraci\u00f3n, en un pe\u00f1asco junto a los r\u00edos T\u00edber y Arno. Aquejado de ceguera y fuertes padecimientos, pas\u00f3 sus dos \u00faltimos a\u00f1os en As\u00eds, rodeado del fervor de sus seguidores.<\/strong><\/p><p><strong>Fuente<\/strong><\/p><p><strong>https:\/\/www.biografiasyvidas.com\/biografia\/f\/francisco_asis.htm<\/strong><\/p>\t\t\t\t\t\t<\/div>\n\t\t\t\t<\/div>\n\t\t\t\t<div class=\"elementor-element elementor-element-3b73102 elementor-widget elementor-widget-text-editor\" data-id=\"3b73102\" data-element_type=\"widget\" data-widget_type=\"text-editor.default\">\n\t\t\t\t<div class=\"elementor-widget-container\">\n\t\t\t\t\t\t\t\t\t\t\t\t\t<\/div>\n\t\t\t\t<\/div>\n\t\t            <\/div>\n        <\/div>\n                            <\/div>\n        <\/section>\n                <section class=\"elementor-section elementor-top-section elementor-element elementor-element-d7add9a elementor-section-boxed elementor-section-height-default elementor-section-height-default\" data-id=\"d7add9a\" data-element_type=\"section\">\n            \n                        <div class=\"elementor-container elementor-column-gap-default \">\n                    <div class=\"elementor-column elementor-col-100 elementor-top-column elementor-element elementor-element-6324979\" data-id=\"6324979\" data-element_type=\"column\">\n            <div class=\"elementor-widget-wrap\">\n                                    <\/div>\n        <\/div>\n                            <\/div>\n        <\/section>\n        \t\t\t\t\t<\/div>\n\t\t","protected":false},"excerpt":{"rendered":"<p>San Francisco de As\u00eds Quien obedece a Dios no debe obedecer a otro hombre, sino a aquel por cuyo amor le ha entregado su obediencia.. San Francisco de As\u00eds (Giovanni di Pietro Bernardone; As\u00eds, actual Italia, 1182 \u2013 id., 1226) Religioso y m\u00edstico italiano, fundador de la orden franciscana. Casi sin propon\u00e9rselo lider\u00f3 San Francisco [&hellip;]<\/p>\n","protected":false},"author":1,"featured_media":0,"parent":0,"menu_order":0,"comment_status":"closed","ping_status":"closed","template":"","meta":{"footnotes":""},"class_list":["post-5925","page","type-page","status-publish","hentry"],"_links":{"self":[{"href":"https:\/\/compuken.net\/sanfranciscodeasis\/wp-json\/wp\/v2\/pages\/5925","targetHints":{"allow":["GET"]}}],"collection":[{"href":"https:\/\/compuken.net\/sanfranciscodeasis\/wp-json\/wp\/v2\/pages"}],"about":[{"href":"https:\/\/compuken.net\/sanfranciscodeasis\/wp-json\/wp\/v2\/types\/page"}],"author":[{"embeddable":true,"href":"https:\/\/compuken.net\/sanfranciscodeasis\/wp-json\/wp\/v2\/users\/1"}],"replies":[{"embeddable":true,"href":"https:\/\/compuken.net\/sanfranciscodeasis\/wp-json\/wp\/v2\/comments?post=5925"}],"version-history":[{"count":11,"href":"https:\/\/compuken.net\/sanfranciscodeasis\/wp-json\/wp\/v2\/pages\/5925\/revisions"}],"predecessor-version":[{"id":6189,"href":"https:\/\/compuken.net\/sanfranciscodeasis\/wp-json\/wp\/v2\/pages\/5925\/revisions\/6189"}],"wp:attachment":[{"href":"https:\/\/compuken.net\/sanfranciscodeasis\/wp-json\/wp\/v2\/media?parent=5925"}],"curies":[{"name":"wp","href":"https:\/\/api.w.org\/{rel}","templated":true}]}}