{"id":6020,"date":"2023-05-10T11:29:39","date_gmt":"2023-05-10T15:29:39","guid":{"rendered":"http:\/\/compuken.net\/sanfranciscodeasis\/?page_id=6020"},"modified":"2023-05-11T09:44:03","modified_gmt":"2023-05-11T13:44:03","slug":"pastoral-educativa","status":"publish","type":"page","link":"https:\/\/compuken.net\/sanfranciscodeasis\/pastoral-educativa\/","title":{"rendered":"Pastoral Educativa"},"content":{"rendered":"\t\t<div data-elementor-type=\"wp-page\" data-elementor-id=\"6020\" class=\"elementor elementor-6020\">\n\t\t\t\t\t\t\t        <section class=\"elementor-section elementor-top-section elementor-element elementor-element-2645f20 elementor-section-content-middle elementor-section-boxed elementor-section-height-default elementor-section-height-default\" data-id=\"2645f20\" data-element_type=\"section\">\n            \n                        <div class=\"elementor-container elementor-column-gap-extended \">\n                    <div class=\"elementor-column elementor-col-50 elementor-top-column elementor-element elementor-element-33d032e\" data-id=\"33d032e\" data-element_type=\"column\">\n            <div class=\"elementor-widget-wrap elementor-element-populated\">\n                        \t\t<div class=\"elementor-element elementor-element-0f31e21 elementor-widget elementor-widget-ct_heading\" data-id=\"0f31e21\" data-element_type=\"widget\" data-widget_type=\"ct_heading.default\">\n\t\t\t\t<div class=\"elementor-widget-container\">\n\t\t\t<div class=\"ct-heading h-align-  sub- ct-heading-left item-st-line-top1\" data-wow-delay=\"ms\">\r\n\t    <h3 class=\"item--title st-line-top1\">\r\n                    <div class=\"ct-heading-divider\"><span><\/span><\/div>\r\n                <span>\r\n                        Pastoral Educativa\n\n                    <\/span>\r\n            <\/h3>\r\n<\/div>\t\t<\/div>\n\t\t\t\t<\/div>\n\t\t            <\/div>\n        <\/div>\n                <div class=\"elementor-column elementor-col-50 elementor-top-column elementor-element elementor-element-89f4b61\" data-id=\"89f4b61\" data-element_type=\"column\">\n            <div class=\"elementor-widget-wrap elementor-element-populated\">\n                        \t\t<div class=\"elementor-element elementor-element-80ad649 elementor-widget elementor-widget-text-editor\" data-id=\"80ad649\" data-element_type=\"widget\" data-widget_type=\"text-editor.default\">\n\t\t\t\t<div class=\"elementor-widget-container\">\n\t\t\t<style>\/*! elementor - v3.12.2 - 23-04-2023 *\/\n.elementor-widget-text-editor.elementor-drop-cap-view-stacked .elementor-drop-cap{background-color:#69727d;color:#fff}.elementor-widget-text-editor.elementor-drop-cap-view-framed .elementor-drop-cap{color:#69727d;border:3px solid;background-color:transparent}.elementor-widget-text-editor:not(.elementor-drop-cap-view-default) .elementor-drop-cap{margin-top:8px}.elementor-widget-text-editor:not(.elementor-drop-cap-view-default) .elementor-drop-cap-letter{width:1em;height:1em}.elementor-widget-text-editor .elementor-drop-cap{float:left;text-align:center;line-height:1;font-size:50px}.elementor-widget-text-editor .elementor-drop-cap-letter{display:inline-block}<\/style>\t\t\t\t<p><strong>Todo el bien que hagamos, hay que hacerlo por amor a Dios, y el mal que evitemos hay que evitarlo por amor de Dios.<\/strong><\/p>\t\t\t\t\t\t<\/div>\n\t\t\t\t<\/div>\n\t\t            <\/div>\n        <\/div>\n                            <\/div>\n        <\/section>\n                <section class=\"elementor-section elementor-top-section elementor-element elementor-element-2b0ab90 elementor-section-boxed elementor-section-height-default elementor-section-height-default\" data-id=\"2b0ab90\" data-element_type=\"section\">\n            \n                        <div class=\"elementor-container elementor-column-gap-default \">\n                    <div class=\"elementor-column elementor-col-100 elementor-top-column elementor-element elementor-element-11c2a9c\" data-id=\"11c2a9c\" data-element_type=\"column\">\n            <div class=\"elementor-widget-wrap elementor-element-populated\">\n                        \t\t<div class=\"elementor-element elementor-element-5f5bc25 elementor-widget elementor-widget-text-editor\" data-id=\"5f5bc25\" data-element_type=\"widget\" data-widget_type=\"text-editor.default\">\n\t\t\t\t<div class=\"elementor-widget-container\">\n\t\t\t\t\t\t\t<p><img loading=\"lazy\" decoding=\"async\" class=\"size-full wp-image-5798 alignleft\" src=\"https:\/\/compuken.net\/sanfranciscodeasis\/wp-content\/uploads\/2023\/05\/modificado2-300x300-1.jpg\" alt=\"\" width=\"300\" height=\"300\" srcset=\"https:\/\/compuken.net\/sanfranciscodeasis\/wp-content\/uploads\/2023\/05\/modificado2-300x300-1.jpg 300w, https:\/\/compuken.net\/sanfranciscodeasis\/wp-content\/uploads\/2023\/05\/modificado2-300x300-1-150x150.jpg 150w\" sizes=\"auto, (max-width: 300px) 100vw, 300px\" \/><\/p><p><strong>La pastoral Educativa San Francisco de As\u00eds responde a la misi\u00f3n de evangelizar, evangelizamos, es decir, anunciamos la alegr\u00eda de la Buena Noticia mediante la educaci\u00f3n y educamos evangelizando. Nuestra Pastoral tiene como \u00e1mbito la vida escolar y ene le centro de la misma est\u00e1n las personas como principal elemento, est\u00e1 abierta al entrono, es creativa.<\/strong><\/p><p><strong>Les adjuntamos la labor que brinda la Pastoral Educativa:<\/strong><\/p><p><strong>Su labor est\u00e1 enfocada en orientar, apoyar y conducir al alumno, personal docente, administrativo y de apoyo hacia la formaci\u00f3n cristiana cat\u00f3lica en el fortalecimiento y crecimiento en la Fe y la pr\u00e1ctica de los valores bajo la luz de la espiritualidad franciscana. Esto es, estar cerca del necesitado dentro y fuera del colegio dando a conocer el amor de Cristo, la hermandad de San Francisco y la entrega de los laicos comprometidos para hacer de cada estudiante un ciudadano con gran sentido de humanidad, solidaridad, servicio dotado de valores morales y cristianos.<\/strong><\/p><p><strong>\u00bfQu\u00e9 hacemos aqu\u00ed?<\/strong><\/p><p><strong>1. Desde el comienzo del a\u00f1o escolar hemos planificado las actividades del d\u00eda a d\u00eda siguiendo el calendario lit\u00fargico y bajo la luz del evangelio en las siguientes preparaciones: Acto de entrada, Eucarist\u00eda, Semana de Evangelizaci\u00f3n y Ambientaci\u00f3n, y d\u00edas especiales de fiestas religiosas.<\/strong><\/p><p><strong>2. Preparar a trav\u00e9s de la Catequesis a los estudiantes y educadores para que reciban los sacramentos: bautismo. Comuni\u00f3n, confirmaci\u00f3n, matrimonio y unci\u00f3n de los enfermos.<\/strong><\/p><p><strong>3. Preparar retiros espirituales y kerigm\u00e1ticos en tiempos lit\u00fargicos: adviento y cuaresma; adem\u00e1s de los cursos Felipe, Seminarios de Vida en el Esp\u00edritu, Onda Juvenil, talleres de predica, entre otros.<\/strong><\/p><p><strong>4. Ense\u00f1ar al estudiante a solidarizarse con los m\u00e1s pobres a trav\u00e9s de visitas y donaciones al: leprocomio, rehabilitaci\u00f3n, asilos de anciano y comunidades empobrecidas.<\/strong><\/p><p><strong>5. Promover las vocaciones sacerdotales y religiosas por medio de conferencias, retiros, charlas, pel\u00edculas y la participaci\u00f3n de semana vocacional celebrada dentro de las fiestas patronales franciscana.<\/strong><\/p>\t\t\t\t\t\t<\/div>\n\t\t\t\t<\/div>\n\t\t\t\t<div class=\"elementor-element elementor-element-3b73102 elementor-widget elementor-widget-text-editor\" data-id=\"3b73102\" data-element_type=\"widget\" data-widget_type=\"text-editor.default\">\n\t\t\t\t<div class=\"elementor-widget-container\">\n\t\t\t\t\t\t\t\t\t\t\t\t\t<\/div>\n\t\t\t\t<\/div>\n\t\t            <\/div>\n        <\/div>\n                            <\/div>\n        <\/section>\n                <section class=\"elementor-section elementor-top-section elementor-element elementor-element-d7add9a elementor-section-boxed elementor-section-height-default elementor-section-height-default\" data-id=\"d7add9a\" data-element_type=\"section\">\n            \n                        <div class=\"elementor-container elementor-column-gap-default \">\n                    <div class=\"elementor-column elementor-col-100 elementor-top-column elementor-element elementor-element-6324979\" data-id=\"6324979\" data-element_type=\"column\">\n            <div class=\"elementor-widget-wrap\">\n                                    <\/div>\n        <\/div>\n                            <\/div>\n        <\/section>\n        \t\t\t\t\t<\/div>\n\t\t","protected":false},"excerpt":{"rendered":"<p>Pastoral Educativa Todo el bien que hagamos, hay que hacerlo por amor a Dios, y el mal que evitemos hay que evitarlo por amor de Dios. La pastoral Educativa San Francisco de As\u00eds responde a la misi\u00f3n de evangelizar, evangelizamos, es decir, anunciamos la alegr\u00eda de la Buena Noticia mediante la educaci\u00f3n y educamos evangelizando. [&hellip;]<\/p>\n","protected":false},"author":1,"featured_media":0,"parent":0,"menu_order":0,"comment_status":"closed","ping_status":"closed","template":"","meta":{"footnotes":""},"class_list":["post-6020","page","type-page","status-publish","hentry"],"_links":{"self":[{"href":"https:\/\/compuken.net\/sanfranciscodeasis\/wp-json\/wp\/v2\/pages\/6020","targetHints":{"allow":["GET"]}}],"collection":[{"href":"https:\/\/compuken.net\/sanfranciscodeasis\/wp-json\/wp\/v2\/pages"}],"about":[{"href":"https:\/\/compuken.net\/sanfranciscodeasis\/wp-json\/wp\/v2\/types\/page"}],"author":[{"embeddable":true,"href":"https:\/\/compuken.net\/sanfranciscodeasis\/wp-json\/wp\/v2\/users\/1"}],"replies":[{"embeddable":true,"href":"https:\/\/compuken.net\/sanfranciscodeasis\/wp-json\/wp\/v2\/comments?post=6020"}],"version-history":[{"count":8,"href":"https:\/\/compuken.net\/sanfranciscodeasis\/wp-json\/wp\/v2\/pages\/6020\/revisions"}],"predecessor-version":[{"id":6178,"href":"https:\/\/compuken.net\/sanfranciscodeasis\/wp-json\/wp\/v2\/pages\/6020\/revisions\/6178"}],"wp:attachment":[{"href":"https:\/\/compuken.net\/sanfranciscodeasis\/wp-json\/wp\/v2\/media?parent=6020"}],"curies":[{"name":"wp","href":"https:\/\/api.w.org\/{rel}","templated":true}]}}