{"id":6029,"date":"2023-05-10T11:36:30","date_gmt":"2023-05-10T15:36:30","guid":{"rendered":"http:\/\/compuken.net\/sanfranciscodeasis\/?page_id=6029"},"modified":"2023-05-11T09:45:35","modified_gmt":"2023-05-11T13:45:35","slug":"oracion-san-francisco-de-asis","status":"publish","type":"page","link":"https:\/\/compuken.net\/sanfranciscodeasis\/oracion-san-francisco-de-asis\/","title":{"rendered":"Oraci\u00f3n San Francisco de As\u00eds"},"content":{"rendered":"\t\t<div data-elementor-type=\"wp-page\" data-elementor-id=\"6029\" class=\"elementor elementor-6029\">\n\t\t\t\t\t\t\t        <section class=\"elementor-section elementor-top-section elementor-element elementor-element-2645f20 elementor-section-content-middle elementor-section-boxed elementor-section-height-default elementor-section-height-default\" data-id=\"2645f20\" data-element_type=\"section\">\n            \n                        <div class=\"elementor-container elementor-column-gap-extended \">\n                    <div class=\"elementor-column elementor-col-100 elementor-top-column elementor-element elementor-element-33d032e\" data-id=\"33d032e\" data-element_type=\"column\">\n            <div class=\"elementor-widget-wrap elementor-element-populated\">\n                        \t\t<div class=\"elementor-element elementor-element-0f31e21 elementor-widget elementor-widget-ct_heading\" data-id=\"0f31e21\" data-element_type=\"widget\" data-widget_type=\"ct_heading.default\">\n\t\t\t\t<div class=\"elementor-widget-container\">\n\t\t\t<div class=\"ct-heading h-align-  sub- ct-heading-left item-st-line-top1\" data-wow-delay=\"ms\">\r\n\t    <h3 class=\"item--title st-line-top1\">\r\n                    <div class=\"ct-heading-divider\"><span><\/span><\/div>\r\n                <span>\r\n                        Oraci\u00f3n de San Francisco de As\u00eds ante el Cristo de San Dami\u00e1n\n\n                    <\/span>\r\n            <\/h3>\r\n<\/div>\t\t<\/div>\n\t\t\t\t<\/div>\n\t\t            <\/div>\n        <\/div>\n                            <\/div>\n        <\/section>\n                <section class=\"elementor-section elementor-top-section elementor-element elementor-element-2b0ab90 elementor-section-boxed elementor-section-height-default elementor-section-height-default\" data-id=\"2b0ab90\" data-element_type=\"section\">\n            \n                        <div class=\"elementor-container elementor-column-gap-default \">\n                    <div class=\"elementor-column elementor-col-100 elementor-top-column elementor-element elementor-element-11c2a9c\" data-id=\"11c2a9c\" data-element_type=\"column\">\n            <div class=\"elementor-widget-wrap elementor-element-populated\">\n                        \t\t<div class=\"elementor-element elementor-element-5f5bc25 elementor-widget elementor-widget-text-editor\" data-id=\"5f5bc25\" data-element_type=\"widget\" data-widget_type=\"text-editor.default\">\n\t\t\t\t<div class=\"elementor-widget-container\">\n\t\t\t<style>\/*! elementor - v3.12.2 - 23-04-2023 *\/\n.elementor-widget-text-editor.elementor-drop-cap-view-stacked .elementor-drop-cap{background-color:#69727d;color:#fff}.elementor-widget-text-editor.elementor-drop-cap-view-framed .elementor-drop-cap{color:#69727d;border:3px solid;background-color:transparent}.elementor-widget-text-editor:not(.elementor-drop-cap-view-default) .elementor-drop-cap{margin-top:8px}.elementor-widget-text-editor:not(.elementor-drop-cap-view-default) .elementor-drop-cap-letter{width:1em;height:1em}.elementor-widget-text-editor .elementor-drop-cap{float:left;text-align:center;line-height:1;font-size:50px}.elementor-widget-text-editor .elementor-drop-cap-letter{display:inline-block}<\/style>\t\t\t\t<p><img loading=\"lazy\" decoding=\"async\" class=\"size-medium wp-image-6032 aligncenter\" src=\"https:\/\/compuken.net\/sanfranciscodeasis\/wp-content\/uploads\/2023\/05\/cristosd05-217x300.jpg\" alt=\"\" width=\"217\" height=\"300\" srcset=\"https:\/\/compuken.net\/sanfranciscodeasis\/wp-content\/uploads\/2023\/05\/cristosd05-217x300.jpg 217w, https:\/\/compuken.net\/sanfranciscodeasis\/wp-content\/uploads\/2023\/05\/cristosd05.jpg 565w\" sizes=\"auto, (max-width: 217px) 100vw, 217px\" \/><\/p><p style=\"text-align: left;\"><strong>Oraci\u00f3n de San Francisco de As\u00eds ante el Cristo de San Dami\u00e1n<\/strong><br \/><strong>El proceso de conversi\u00f3n de San Francisco fue largo, y en \u00e9l se inserta esta oraci\u00f3n. El Se\u00f1or lo iba conduciendo mediante acontecimientos sucesivos por caminos que Francisco no acababa de entender ni sab\u00eda a donde le llevaban. Su gran preocupaci\u00f3n era conocer la voluntad de Dios, saber lo que el Alt\u00edsimo le ped\u00eda, y acertar el rumbo que deb\u00eda emprender, para lo que recurr\u00eda a la oraci\u00f3n. Un d\u00eda en que paseaba junto a la iglesia de San Dami\u00e1n, llevado del Esp\u00edritu entr\u00f3 en ella y se puso a orar fervorosamente ante la imagen del Crucificado, que piadosa y benignamente le habl\u00f3 as\u00ed: \u00abFrancisco, vete, repara mi casa, que, como ves, se viene del todo al suelo\u00bb. La mayor\u00eda de los testimonios de los manuscritos dice que fue entonces cuando Francisco recit\u00f3 esta oraci\u00f3n como respuesta al mandato que acababa de recibir. El contenido de la oraci\u00f3n encaja perfectamente en las circunstancias del acontecimiento. Pero es de lo m\u00e1s normal que, en sus largas horas de oraci\u00f3n buscando los caminos del Se\u00f1or, el joven Francisco le pidiera que Su luz disipara sus tinieblas, y que las virtudes y los frutos del Esp\u00edritu le permitieran conocer y cumplir, sin demora ni tergiversaci\u00f3n, la voluntad de Dios. Ciertamente, esta oraci\u00f3n, en su densa brevedad, puede ser la oraci\u00f3n de multitud de cristianos.<\/strong><\/p><p style=\"text-align: center;\"><strong>Sumo, glorioso Dios,<\/strong><br \/><strong>ilumina las tinieblas de mi coraz\u00f3n<\/strong><br \/><strong>y dame fe recta,<\/strong><br \/><strong>esperanza cierta<\/strong><br \/><strong>y caridad perfecta,<\/strong><br \/><strong>sentido y conocimiento, Se\u00f1or,<\/strong><br \/><strong>para que cumpla<\/strong><br \/><strong>tu santo y verdadero mandamiento.<\/strong><\/p>\t\t\t\t\t\t<\/div>\n\t\t\t\t<\/div>\n\t\t\t\t<div class=\"elementor-element elementor-element-3b73102 elementor-widget elementor-widget-text-editor\" data-id=\"3b73102\" data-element_type=\"widget\" data-widget_type=\"text-editor.default\">\n\t\t\t\t<div class=\"elementor-widget-container\">\n\t\t\t\t\t\t\t\t\t\t\t\t\t<\/div>\n\t\t\t\t<\/div>\n\t\t            <\/div>\n        <\/div>\n                            <\/div>\n        <\/section>\n                <section class=\"elementor-section elementor-top-section elementor-element elementor-element-d7add9a elementor-section-boxed elementor-section-height-default elementor-section-height-default\" data-id=\"d7add9a\" data-element_type=\"section\">\n            \n                        <div class=\"elementor-container elementor-column-gap-default \">\n                    <div class=\"elementor-column elementor-col-100 elementor-top-column elementor-element elementor-element-6324979\" data-id=\"6324979\" data-element_type=\"column\">\n            <div class=\"elementor-widget-wrap\">\n                                    <\/div>\n        <\/div>\n                            <\/div>\n        <\/section>\n        \t\t\t\t\t<\/div>\n\t\t","protected":false},"excerpt":{"rendered":"<p>Oraci\u00f3n de San Francisco de As\u00eds ante el Cristo de San Dami\u00e1n Oraci\u00f3n de San Francisco de As\u00eds ante el Cristo de San Dami\u00e1n El proceso de conversi\u00f3n de San Francisco fue largo, y en \u00e9l se inserta esta oraci\u00f3n. El Se\u00f1or lo iba conduciendo mediante acontecimientos sucesivos por caminos que Francisco no acababa de [&hellip;]<\/p>\n","protected":false},"author":1,"featured_media":0,"parent":0,"menu_order":0,"comment_status":"closed","ping_status":"closed","template":"","meta":{"footnotes":""},"class_list":["post-6029","page","type-page","status-publish","hentry"],"_links":{"self":[{"href":"https:\/\/compuken.net\/sanfranciscodeasis\/wp-json\/wp\/v2\/pages\/6029","targetHints":{"allow":["GET"]}}],"collection":[{"href":"https:\/\/compuken.net\/sanfranciscodeasis\/wp-json\/wp\/v2\/pages"}],"about":[{"href":"https:\/\/compuken.net\/sanfranciscodeasis\/wp-json\/wp\/v2\/types\/page"}],"author":[{"embeddable":true,"href":"https:\/\/compuken.net\/sanfranciscodeasis\/wp-json\/wp\/v2\/users\/1"}],"replies":[{"embeddable":true,"href":"https:\/\/compuken.net\/sanfranciscodeasis\/wp-json\/wp\/v2\/comments?post=6029"}],"version-history":[{"count":8,"href":"https:\/\/compuken.net\/sanfranciscodeasis\/wp-json\/wp\/v2\/pages\/6029\/revisions"}],"predecessor-version":[{"id":6188,"href":"https:\/\/compuken.net\/sanfranciscodeasis\/wp-json\/wp\/v2\/pages\/6029\/revisions\/6188"}],"wp:attachment":[{"href":"https:\/\/compuken.net\/sanfranciscodeasis\/wp-json\/wp\/v2\/media?parent=6029"}],"curies":[{"name":"wp","href":"https:\/\/api.w.org\/{rel}","templated":true}]}}